{"id":244,"date":"2014-03-25T15:31:51","date_gmt":"2014-03-25T13:31:51","guid":{"rendered":"http:\/\/art-at-work.org\/aaw\/?page_id=244"},"modified":"2014-03-25T15:31:51","modified_gmt":"2014-03-25T13:31:51","slug":"c-v-s","status":"publish","type":"page","link":"https:\/\/art-at-work.org\/en\/art-at-work\/c-v-s\/","title":{"rendered":"C.V.s"},"content":{"rendered":"<p><\/p>\n<div>SELECTED EXHIBITIONS AND PERFORMANCES<\/div>\n<div>2001<\/div>\n<ul>\n<li>REACH for Quality of Life in St Petersburg<\/li>\n<li>THE BLUE HAND PROJECT, Bad Lippspringer, M\u00fcnster, Lessing School Salzwedel, Hamburg, Germany<\/li>\n<li>Offene Ateliers, Bielefeld<\/li>\n<li>Seminar Leaders, Creative Political Activism, Heinrich B\u00f6ll Stiftung, Haus Neuland, Bielefeld, Germany<\/li>\n<li>REACH for Quality of Life, 8th Congress European Transport Initiative ITE, Locarno, Switzerland<\/li>\n<li>Fairtrade Flowers Campaign for Agenda 21, Bielefeld, Rheda Wiedenbruck, Oelde, Germany<\/li>\n<li>THE BLUE HAND PROJECT, Comprehensive School Stieghorst, Steighorstfreizeitzentrum, Lutherschule, Marktschule, Armshaus Primary School, Verein BAJ, WDR TV Studio Bielefeld, Islamic Centre, Carnival der Kultur, Bielefeld, Germany<\/li>\n<li>REACH for Quality of Life, Installation, ENERGEX Building, Brisbane, Australia<\/li>\n<li>REACH for Quality of Life, 3 Day Interaktive Performances, South Bank, Brisbane, Australia; St Petersburg, Russia; Essen, Germany<\/li>\n<\/ul>\n<div>2000<\/div>\n<ul>\n<li>SHOULD THIS TREE LIVE OR DIE? S\u00fcsterplatz, Bielefeld, Deutschland<\/li>\n<li>TREE TIME, Groene Vallei, Gent, Belgium<\/li>\n<li>HALLO HALLAU!, 2 Day Performance, Hof Hallau, Dornberg, Deutschland<\/li>\n<li>REACH for Quality of Life, London, U.K.<\/li>\n<li>Workshop Leaders: International Workshop for Agenda 21, Young visions, Steps For The New Millennium, between Hamburg and Prague, Dresden, St Petersburg, Marseille, Leon, Osaka, Shanghai and Chicago in Hamburg, Deutschland<\/li>\n<li>Workshop Leaders: UNESCO First International Environmental Summer School, Bielefeld, Deutschland<\/li>\n<li>REACH for Quality of Life, Expo 2000 Tor 6, Bielefeld, Deutschland &#8211; REACH for Quality of Life, M\u00fcnster, Deutschland<\/li>\n<li>REACH for Quality of Life, Chamonix, St Jean du Maurienne, Frankreich<\/li>\n<li>REACH for Quality of Life, REACH for FREEDOM, seven day Action in homes, hospitals, workshops, schools, market, childrens clinic, Kindergarten, Bethel, Deutschland<\/li>\n<li>WATER IS LIFE!, W\u00fcrttemberger Allee, Sennestadt, Deutschland<\/li>\n<li>Adopt a Tree, W\u00fcrttemberger Allee, Sennestadt, Deutschland<\/li>\n<li>REACH for Quality of Life, 3 day Performance, Hamamatsu Japan<\/li>\n<\/ul>\n<div>1999<\/div>\n<ul>\n<li>GIVE A HAND TO FREE TIBET, Queen Street Mall, Brisbane, Australia; Institut Teknologi Bandung, Indonesia; Kreishaus, Detmold, Deutschland<\/li>\n<li>How much space do you really need?, 1 week collaborative interactive Performance, Felix-Fechenbach-Gesamtschule, Leopoldsh\u00f6he, Deutschland<\/li>\n<li>GIVE A HAND TO FREE TIBET, Interactive Performance Installation, Westminster Hall; Trafalgar Square, London, United Kingdom; Kunstlerhaus Schwalenberg, Deutschland<\/li>\n<li>VISION HUNTING, Interactive Street Performance, Wolfenb\u00fcttel, Deutschland<\/li>\n<li>CIRCLES FOR CHINA, 4. June, Performance with Students for the 10th. Anniversary of the Tieananmen Square Massacre, Unihalle, University Bielefeld, Deutschland<\/li>\n<li>WHAT CAN YOU SAY TO THE EARTH?, Performance, Artists Unlimited, Bielefeld, Deutschland<\/li>\n<li>FIFTY WISHES FOR DANIEL, Performance, Artists Unlimited, Bielefeld<\/li>\n<li>Video Vortrag, Pro-Regenwald, M\u00fcnchen, Deutschland<\/li>\n<li>STEPS TO WORLD PEACE, Multicultural Folk festival, Artists Unlimited, Bielefeld, Deutschland<\/li>\n<li>70ha: DEAD or ALIVE?, 9 Day Performance, Hiddenhausen, Deutschland<\/li>\n<li>How much space do you really need?, Hans Im Gl\u00fcck Performance Festival, Kunstwerk, Cologne, Deutschland<\/li>\n<li>STAYING ALIVE: Mapping the Violence, Exhibition, Kreishaus, Detmold; Oberstufen- Kolleg, Bielefeld, Deutschland<\/li>\n<li>MY next concrete contribution for sustainability is&#8230;&#8230;&#8230;, The Development of Education for Sustainability International Konferenz, Oberstufen-Kolleg; University Bielefeld and Citizen&#8217;s Advice Bureau, Bielefeld, Deutschland<\/li>\n<li>WE CARRY THE ROSE TOGETHER, Schwalenberg, Deutschland<\/li>\n<\/ul>\n<div>1998<\/div>\n<ul>\n<li>STAYING ALIVE XII: Will the next grey skies from Indonesia be nuclear fallout? What can we do?, kollaborative Performance-Installation mit Ben Somerville, Parap Market, Darwin, Australien<\/li>\n<li>GIVE A HAND TO FREE TIBET, Place du Trochad\u00c8ro, Paris; Jahnplatz Bielefeld; Boge Fabrik, Bielefeld; Cleveland Public Theatre, Ohio, USA; United Nations Organisation, Ralf Bunche Peace Park; Bryant Park, New York City, USA<\/li>\n<li>LEO 21: Agenda 21 Performance, Leopoldsh\u00f6he, Deutschland<\/li>\n<li>STAYING ALIVE V: Why is this the behaviour of rational man?, Plastic (&#038; other) Waste, Asia Pacific Artist Solidarity, Chulalongkorn University, Bangkok, Thailand<\/li>\n<li>10 acres an hour: DEAD OR ALIVE, Press Conference, Mall B, City Center, Cleveland, Ohio, USA<\/li>\n<li>10 acres an hour: DEAD or ALIVE, Edgewater Park, Cleveland, Ohio, USA<\/li>\n<li>GIVE A HAND TO FREE TIBET, Interaktive Performance Installation, Tsuglagkhang Temple, Dharamsala, India<\/li>\n<li>FREE TIBET, Permanent Collaborative Installation, Camp 1, Choglamsar, Ladakh, India<\/li>\n<li>GIVE A HAND, Interaktive Performance Installations, Melle, Georgsmarienh\u00fctte, Bad Essen, Osnabr\u00fcck, Wallenhorst, Neuenkirchen, Voltlage, Merzen, Bramsche, Nortrup, Alfsee, Rieste, F\u00fcrstenau, Hasel\u00fcnne, Rheine, Nordhorn, M\u00fcnster, Bad Rothenfelde, Bohmte, Bielefeld, Dissen, Borgholzhausen (alle Deutschland), Hengelo (Niederlande)<\/li>\n<li>PEACE MANTLE: What can you do now in your own life for peace? Street Performance, Osnabr\u00fcck, M\u00fcnster, Bielefeld, Rheine (Deutschland), Hengelo (Niederlande)<\/li>\n<li>VISION HUNTING, kollaborative Performance, Osnabr\u00fcck, M\u00fcnster, Bielefeld, Hasel\u00fcnne, Bad Rothenfelde, Bohmte, Dissen, Deutschland<\/li>\n<li>STAU DEN BAU, Flu\u00df Saale, Werkleitz, Ost Deutschland<\/li>\n<li>BIELEFELDER BILDER, Bielefelder Innenstadt, Deutschland<\/li>\n<li>ART at WORK: Schleusenausbau in Kleinmachnow sprengt alle Dimensionen, Berlin<\/li>\n<li>WAS K\u00d6NNEN WIR F\u00dcR DIE ERDE TUN?, WDR-Fernsehen, Bielefeld, Deutschland<\/li>\n<li>VISION HUNTING ON J-DAY, Interaktive Stra\u00dfen-Performance, M\u00fcnster, Deutschland<\/li>\n<li>GIVE A HAND TO FREE TIBET, einw\u00f6chige interaktive Performance-Installation, Schneverdingen, L\u00fcneburger Heide, Deutschland<\/li>\n<li>VISION HUNTING, Interaktive Stra\u00dfen-Performance, Bad Salzuflen, Deutschland<\/li>\n<li>GIVE A HAND TO FREE TIBET, Interactive Performance for the 50thAnniversary of the Declaration of Human Rights, City Square, Bonn, Deutschland<\/li>\n<\/ul>\n<div>1997<\/div>\n<ul>\n<li>GENUG IST GENUG: Fr\u00fchling Parkplatz Performance, In zusammen Arbeit mit Barbara Buchholz , Artists Unlimited, Bielefeld, Deutschland<\/li>\n<li>STAYING ALIVE IV: Mapping The Violence, Three Month Performance, Bielefeld, Deutschland<\/li>\n<li>WEB SITE I: Was brauchen wir f\u00fcr eine bessere Welt?<\/li>\n<li>WEB SITE II: Dies ist Deine Welt! Wie soll sie aussehen?, Marktpassage, Bielefeld, Deutschland<\/li>\n<li>STAYING ALIVE VI: Zeige Deine Wunden, Raum f\u00fcr Kunst e.V., Kamp 21 \/ Kotterhagen, Paderborn, Deutschland<\/li>\n<li>STAYING ALIVE V: Repairing The Damage, Galerie Artists Unlimited, Bielefeld<\/li>\n<li>STAYING ALIVE VII: Show Your Wound!, Erster Berliner Kongress f\u00fcr Performance and Visual Art, Dock 11, Berlin, Deutschland<\/li>\n<li>STAYING ALIVE VIII: Was tun Deine H\u00e4nde daf\u00fcr?, Interactive Billboard Performance, Viktoriastra\u00dfe, Bielefeld, Deutschland<\/li>\n<li>STAYING ALIVE IX: Plan for open communication, Collaborative Work Gift For India, Sahmat, New Delhi, India<\/li>\n<li>STAYING ALIVE X: Show Your Wound!, Trotzt der Gewalt, Ravensberger Park, Bielefeld, Deutschland<\/li>\n<li>STAYING ALIVE XI: The Violence Mapped, Unihalle, Universit\u00e4t Bielefeld, Deutschland<\/li>\n<li>60ha: LEBEN oder STERBEN? 9-st\u00fcndige interaktive Performance-Installation, Viadukt, Bielefeld, Deutschland<\/li>\n<\/ul>\n<p><\/p>","protected":false},"excerpt":{"rendered":"<p>SELECTED EXHIBITIONS AND PERFORMANCES 2001 REACH for Quality of Life in St Petersburg THE BLUE HAND PROJECT, Bad Lippspringer, [&hellip;]<a href=\"https:\/\/art-at-work.org\/en\/art-at-work\/c-v-s\/\"><br \/>&raquo; mehr lesen&#8230;<\/a><\/p>\n","protected":false},"author":1,"featured_media":0,"parent":242,"menu_order":0,"comment_status":"open","ping_status":"open","template":"","meta":[],"_links":{"self":[{"href":"https:\/\/art-at-work.org\/en\/wp-json\/wp\/v2\/pages\/244"}],"collection":[{"href":"https:\/\/art-at-work.org\/en\/wp-json\/wp\/v2\/pages"}],"about":[{"href":"https:\/\/art-at-work.org\/en\/wp-json\/wp\/v2\/types\/page"}],"author":[{"embeddable":true,"href":"https:\/\/art-at-work.org\/en\/wp-json\/wp\/v2\/users\/1"}],"replies":[{"embeddable":true,"href":"https:\/\/art-at-work.org\/en\/wp-json\/wp\/v2\/comments?post=244"}],"version-history":[{"count":0,"href":"https:\/\/art-at-work.org\/en\/wp-json\/wp\/v2\/pages\/244\/revisions"}],"up":[{"embeddable":true,"href":"https:\/\/art-at-work.org\/en\/wp-json\/wp\/v2\/pages\/242"}],"wp:attachment":[{"href":"https:\/\/art-at-work.org\/en\/wp-json\/wp\/v2\/media?parent=244"}],"curies":[{"name":"wp","href":"https:\/\/api.w.org\/{rel}","templated":true}]}}