{"id":236,"date":"2014-03-25T15:27:10","date_gmt":"2014-03-25T13:27:10","guid":{"rendered":"http:\/\/art-at-work.org\/aaw\/?page_id=236"},"modified":"2014-04-30T12:23:29","modified_gmt":"2014-04-30T10:23:29","slug":"rosinante","status":"publish","type":"page","link":"https:\/\/art-at-work.org\/en\/projekt-achiv\/rosinante\/","title":{"rendered":"Rosinante"},"content":{"rendered":"<p class=\"qtranxs-available-languages-message qtranxs-available-languages-message-en\">Sorry, this entry is only available in <a href=\"https:\/\/art-at-work.org\/de\/wp-json\/wp\/v2\/pages\/236\" class=\"qtranxs-available-language-link qtranxs-available-language-link-de\" title=\"Deutsch\">German<\/a>.<\/p><p><\/p>\n<table width=\"100%\" cellspacing=\"0\" cellpadding=\"10\">\n<tbody>\n<tr>\n<td valign=\"top\" width=\"100\"><a href=\"http:\/\/art-at-work.org\/blumenwagen.html\"> <img loading=\"lazy\" alt=\"Blumenwagen Rosinante\" src=\"http:\/\/art-at-work.org\/images\/blumenwagen_thumb.jpg\" width=\"100\" height=\"100\" border=\"0\" \/> <\/a><\/td>\n<td valign=\"top\">\n<h2><span style=\"color: #993300;\">Rosinante: Blumen Fair Handeln<\/span><\/h2>\n<p>Der bunte Blumenwagen Rosinante ist ein skurriles, umweltfreundliches Vehikel &#8230;<\/td>\n<\/tr>\n<\/tbody>\n<\/table>\n<table width=\"100%\" border=\"0\" cellspacing=\"0\" cellpadding=\"5\">\n<tbody>\n<tr>\n<td valign=\"top\">Das Projekt Blumen Fair Handeln setzt sich f\u00fcr eine giftfreie Produktion von Zierpflanzen und Schnittblumen ein sowie f\u00fcr einen internationalen Handel zu fairen Bedingungen f\u00fcr die ArbeiterInnen in den G\u00e4rtnereien und Plantagen. Helfen Sie mit!<\/p>\n<p>Blumen Fair Handeln kl\u00e4rt \u00fcber die umweltsch\u00e4dlichen und unsozialen Arbeitsbedingungen bei der Produktion von Zierpflanzen und Schnittblumen auf.<\/p>\n<p>Blumen Fair Handeln zeigt, welche H\u00e4ndler bereits mit Blumen handeln, die ungiftig und sozial fair produziert wurden.<\/p>\n<p>Rosinante besteht aus zwei Fahrr\u00e4dern und wird von ein bis zwei Pedalrittern angetrieben. Wenn sie sich majest\u00e4tisch durch die Fu\u00dfg\u00e4ngerzone bewegt, drehen sich hinten die riesigen farbenfrohen Blumenskulpturen. Steht Rosinante still, erkl\u00e4rt ein kurzes Video in einem akkubetriebenen TV-Ger\u00e4t, wie Blumen Fair Handeln funktioniert.<\/p>\n<p>Unsere Riesenblumen pr\u00e4sentieren verschiedene \u00d6ko-Labels und tragen in Kopfh\u00f6he Lautsprecher. Jede Blume hat ihre eingene Geschichte zu erz\u00e4hlen. Animateure werden mit den Passanten Fragen zu Blumen Fair Handeln kl\u00e4ren und ihnen zeigen, wo sie solche Blumen kaufen k\u00f6nnen. So werden auf phantasievolle Weise die Zusammenh\u00e4nge und Hintergr\u00fcnde von Blumen Fair Handeln an die Menschen herangetragen.<\/td>\n<td valign=\"top\"><img alt=\"Blumenwagen Rosinante\" src=\"http:\/\/art-at-work.org\/images\/rosinante_01.jpg\" width=\"250\" \/><\/p>\n<div>Foto: Agenda 21 B\u00fcro Bielefeld<\/div>\n<p><img alt=\"Blumenwagen Rosinante\" src=\"http:\/\/art-at-work.org\/images\/rosinante_02.jpg\" width=\"250\" \/><\/p>\n<div>Foto: Martin Bopp<\/div>\n<\/td>\n<\/tr>\n<\/tbody>\n<\/table>\n<p><\/p>","protected":false},"excerpt":{"rendered":"<p>Sorry, this entry is only available in German. Rosinante: Blumen Fair Handeln Der bunte Blumenwagen Rosinante ist ein skurriles, [&hellip;]<a href=\"https:\/\/art-at-work.org\/en\/projekt-achiv\/rosinante\/\"><br \/>&raquo; mehr lesen&#8230;<\/a><\/p>\n","protected":false},"author":1,"featured_media":0,"parent":41,"menu_order":1,"comment_status":"open","ping_status":"open","template":"","meta":[],"_links":{"self":[{"href":"https:\/\/art-at-work.org\/en\/wp-json\/wp\/v2\/pages\/236"}],"collection":[{"href":"https:\/\/art-at-work.org\/en\/wp-json\/wp\/v2\/pages"}],"about":[{"href":"https:\/\/art-at-work.org\/en\/wp-json\/wp\/v2\/types\/page"}],"author":[{"embeddable":true,"href":"https:\/\/art-at-work.org\/en\/wp-json\/wp\/v2\/users\/1"}],"replies":[{"embeddable":true,"href":"https:\/\/art-at-work.org\/en\/wp-json\/wp\/v2\/comments?post=236"}],"version-history":[{"count":1,"href":"https:\/\/art-at-work.org\/en\/wp-json\/wp\/v2\/pages\/236\/revisions"}],"predecessor-version":[{"id":631,"href":"https:\/\/art-at-work.org\/en\/wp-json\/wp\/v2\/pages\/236\/revisions\/631"}],"up":[{"embeddable":true,"href":"https:\/\/art-at-work.org\/en\/wp-json\/wp\/v2\/pages\/41"}],"wp:attachment":[{"href":"https:\/\/art-at-work.org\/en\/wp-json\/wp\/v2\/media?parent=236"}],"curies":[{"name":"wp","href":"https:\/\/api.w.org\/{rel}","templated":true}]}}