{"id":229,"date":"2014-03-25T15:21:14","date_gmt":"2014-03-25T13:21:14","guid":{"rendered":"http:\/\/art-at-work.org\/aaw\/?page_id=229"},"modified":"2015-09-16T19:10:47","modified_gmt":"2015-09-16T17:10:47","slug":"kinder-sind-unschlagbar","status":"publish","type":"page","link":"https:\/\/art-at-work.org\/en\/projekt-angebot\/kinder-sind-unschlagbar\/","title":{"rendered":"Kinder sind unschlagbar"},"content":{"rendered":"<p class=\"qtranxs-available-languages-message qtranxs-available-languages-message-en\">Sorry, this entry is only available in <a href=\"https:\/\/art-at-work.org\/de\/wp-json\/wp\/v2\/pages\/229\" class=\"qtranxs-available-language-link qtranxs-available-language-link-de\" title=\"Deutsch\">German<\/a>.<\/p><p>&nbsp;<\/p>\n<table width=\"100%\" cellspacing=\"0\" cellpadding=\"10\">\n<tbody>\n<tr>\n<td valign=\"top\" width=\"100\"><a href=\"http:\/\/art-at-work.org\/unschlagbar.html\"> <img loading=\"lazy\" src=\"http:\/\/art-at-work.org\/images\/unschlagbar_thumb.jpg\" alt=\"Kinder sind unschlagbar\" width=\"100\" height=\"100\" border=\"0\" \/> <\/a><\/td>\n<td valign=\"top\">\n<h2><span style=\"color: #993300;\">Kinder sind unschlagbar<\/span><\/h2>\n<p>Kinder haben ein Recht auf gewaltfreie Erziehung.<\/td>\n<\/tr>\n<\/tbody>\n<\/table>\n<div class=\"row\"><div class=\"col-lg-7 col-md-7 col-xs-12 col-sm-12\">\n<p><b>ART at WORK<\/b> hat 2002 eine Stra\u00dfenaktion zum Thema \u201eGewaltfreie Erziehung\u201c entwickelt und in phantasievoller Weise ein in unserer Gesellschaft zu oft ignoriertes Thema umgesetzt.<\/p>\n<p>Wir bauten einen quietschbunten &#8220;Kinderwagen&#8221;, Holzfiguren arrangiert um zwei Fahrr\u00e4der mit Rahmen, die negative und positive Seiten der Kindererziehung thematisieren. Es sollte deutlich werden, dass nicht nur physische Gewalt, sondern auch verbale Gewalt Kinder traumatisieren und verletzen kann. Um nicht nur &#8220;gegen&#8221; etwas zu sein, sondern positiv zu beeinflussen, zeigen die Figuren auch, wie Kinder in einem gewaltfreien Umfeld aufbl\u00fchen.<\/p>\n<p>Bei den Holzfiguren werden &#8220;Kopfn\u00fcsse&#8221; verteilt, ein Kind wird angeschrieen, ein anderes von den Eltern unterst\u00fctzt, das n\u00e4chste ist allein gelassen, ein anderes Kind liest ein Buch. Unterschiedlichste positive und negative Situationen werden plastisch und farbenfroh, aber auch deutlich in ihrer Auswirkung dargestellt. Um die Hoffnung und die Freude nicht zu kurz kommen zu lassen, gibt es auch eine tanzende Figur, die auf der einen Seite ein Jungengesicht, auf der anderen ein M\u00e4dchengesicht hat und sich in der Mitte des Wagens dreht. Die Original Zeichnungen f\u00fcr die lebensgro\u00dfen Figuren wurden von Robert Thomson gemacht, die Zeichnungen wurden auf Holz \u00fcbertragen, dann ausges\u00e4gt und bunt angemalt.<\/p>\n<p>Ziel war es, bei Stra\u00dfenaktionen in der \u00d6ffentlichkeit eine Datenbank von guten Ideen zu erstellen, zu der Menschen beitragen k\u00f6nnen, von der sie aber auch gute Ideen mitnehmen k\u00f6nnen. Passanten wurden angesprochen, um praktische Ideen, wie eine gewaltfreie Erziehung funktionieren kann und wie sie einfach umzusetzen ist zu sammeln. M\u00fctter mit Kindern taten dies mit gro\u00dfem Erfolg. Die Ideen und Vorschl\u00e4ge wurden auf bunte F\u00e4hnchen geschrieben, die am &#8220;Kinderwagen&#8221; befestigt wurden. Langsam nehmen die F\u00e4hnchen die Gestalt eines Baumes an, dem &#8220;Baum des Wissens&#8221;. Die Kinder haben zus\u00e4tzlich die H\u00e4nde der teilnehmenden Passanten mit kleinen Gummistempeln beschriftet: &#8220;Gewaltfreie Erziehung&#8221;, als Erinnerung an die Teilnahme und als Aufforderung, diesen Wunsch weiterzugeben.<\/p>\n<p>Diese Aktion fand statt am 22. September 2002, am Weltkindertag statt. Der Baum des Wissens ging mit der zentralen Figur des Kinderwagens auf eine Ausstellungsreise ins Rathaus, die Polizei-Zentrale, ein Krankenhaus und in die Stadtbibliothek.<\/p>\n<p>Die Aktion wurde in den folgenden Jahren mehrmals wiederholt.<\/p><\/div><div class=\"col-lg-5 col-md-5 col-xs-12 col-sm-12\">\n<p><a class=\"fancybox\" href=\"http:\/\/art-at-work.org\/wp-content\/uploads\/2014\/03\/IMG_0903.jpg\"><img loading=\"lazy\" class=\"alignnone wp-image-806 size-medium\" src=\"http:\/\/art-at-work.org\/wp-content\/uploads\/2014\/03\/IMG_0903-300x225.jpg\" alt=\"Kinder sind unschlagbar\" width=\"300\" height=\"225\" srcset=\"https:\/\/art-at-work.org\/wp-content\/uploads\/2014\/03\/IMG_0903-300x225.jpg 300w, https:\/\/art-at-work.org\/wp-content\/uploads\/2014\/03\/IMG_0903-980x735.jpg 980w, https:\/\/art-at-work.org\/wp-content\/uploads\/2014\/03\/IMG_0903-550x412.jpg 550w, https:\/\/art-at-work.org\/wp-content\/uploads\/2014\/03\/IMG_0903.jpg 1024w\" sizes=\"(max-width: 300px) 100vw, 300px\" \/><\/a> <a class=\"fancybox\" href=\"http:\/\/art-at-work.org\/wp-content\/uploads\/2014\/03\/IMG_0906.jpg\"><img loading=\"lazy\" class=\"alignnone wp-image-807 size-medium\" src=\"http:\/\/art-at-work.org\/wp-content\/uploads\/2014\/03\/IMG_0906-300x225.jpg\" alt=\"Kinder sind unschlagbar\" width=\"300\" height=\"225\" srcset=\"https:\/\/art-at-work.org\/wp-content\/uploads\/2014\/03\/IMG_0906-300x225.jpg 300w, https:\/\/art-at-work.org\/wp-content\/uploads\/2014\/03\/IMG_0906-980x735.jpg 980w, https:\/\/art-at-work.org\/wp-content\/uploads\/2014\/03\/IMG_0906-550x412.jpg 550w, https:\/\/art-at-work.org\/wp-content\/uploads\/2014\/03\/IMG_0906.jpg 1024w\" sizes=\"(max-width: 300px) 100vw, 300px\" \/><\/a> <a class=\"fancybox\" href=\"http:\/\/art-at-work.org\/wp-content\/uploads\/2014\/03\/IMG_0911.jpg\"><img loading=\"lazy\" class=\"alignnone wp-image-808 size-medium\" src=\"http:\/\/art-at-work.org\/wp-content\/uploads\/2014\/03\/IMG_0911-300x225.jpg\" alt=\"Kinder sind unschlagbar\" width=\"300\" height=\"225\" srcset=\"https:\/\/art-at-work.org\/wp-content\/uploads\/2014\/03\/IMG_0911-300x225.jpg 300w, https:\/\/art-at-work.org\/wp-content\/uploads\/2014\/03\/IMG_0911-980x735.jpg 980w, https:\/\/art-at-work.org\/wp-content\/uploads\/2014\/03\/IMG_0911-550x412.jpg 550w, https:\/\/art-at-work.org\/wp-content\/uploads\/2014\/03\/IMG_0911.jpg 1024w\" sizes=\"(max-width: 300px) 100vw, 300px\" \/><\/a> <a class=\"fancybox\" href=\"http:\/\/art-at-work.org\/wp-content\/uploads\/2014\/03\/IMG_0921.jpg\"><img loading=\"lazy\" class=\"alignnone wp-image-809 size-medium\" src=\"http:\/\/art-at-work.org\/wp-content\/uploads\/2014\/03\/IMG_0921-300x225.jpg\" alt=\"Kinder sind unschlagbar\" width=\"300\" height=\"225\" srcset=\"https:\/\/art-at-work.org\/wp-content\/uploads\/2014\/03\/IMG_0921-300x225.jpg 300w, https:\/\/art-at-work.org\/wp-content\/uploads\/2014\/03\/IMG_0921-980x735.jpg 980w, https:\/\/art-at-work.org\/wp-content\/uploads\/2014\/03\/IMG_0921-550x412.jpg 550w, https:\/\/art-at-work.org\/wp-content\/uploads\/2014\/03\/IMG_0921.jpg 1024w\" sizes=\"(max-width: 300px) 100vw, 300px\" \/><\/a><\/p>\n<p><\/p><\/div><\/div>\n<p>&nbsp;<\/p>","protected":false},"excerpt":{"rendered":"<p>Sorry, this entry is only available in German.&nbsp; Kinder sind unschlagbar Kinder haben ein Recht auf gewaltfreie Erziehung. &nbsp;<a href=\"https:\/\/art-at-work.org\/en\/projekt-angebot\/kinder-sind-unschlagbar\/\"><br \/>&raquo; mehr lesen&#8230;<\/a><\/p>\n","protected":false},"author":1,"featured_media":806,"parent":10,"menu_order":12,"comment_status":"open","ping_status":"open","template":"","meta":[],"_links":{"self":[{"href":"https:\/\/art-at-work.org\/en\/wp-json\/wp\/v2\/pages\/229"}],"collection":[{"href":"https:\/\/art-at-work.org\/en\/wp-json\/wp\/v2\/pages"}],"about":[{"href":"https:\/\/art-at-work.org\/en\/wp-json\/wp\/v2\/types\/page"}],"author":[{"embeddable":true,"href":"https:\/\/art-at-work.org\/en\/wp-json\/wp\/v2\/users\/1"}],"replies":[{"embeddable":true,"href":"https:\/\/art-at-work.org\/en\/wp-json\/wp\/v2\/comments?post=229"}],"version-history":[{"count":10,"href":"https:\/\/art-at-work.org\/en\/wp-json\/wp\/v2\/pages\/229\/revisions"}],"predecessor-version":[{"id":1965,"href":"https:\/\/art-at-work.org\/en\/wp-json\/wp\/v2\/pages\/229\/revisions\/1965"}],"up":[{"embeddable":true,"href":"https:\/\/art-at-work.org\/en\/wp-json\/wp\/v2\/pages\/10"}],"wp:featuredmedia":[{"embeddable":true,"href":"https:\/\/art-at-work.org\/en\/wp-json\/wp\/v2\/media\/806"}],"wp:attachment":[{"href":"https:\/\/art-at-work.org\/en\/wp-json\/wp\/v2\/media?parent=229"}],"curies":[{"name":"wp","href":"https:\/\/api.w.org\/{rel}","templated":true}]}}